{"id":12,"date":"2024-10-26T17:22:52","date_gmt":"2024-10-26T17:22:52","guid":{"rendered":"https:\/\/tc.local\/mmarion\/?page_id=12"},"modified":"2024-12-06T14:44:40","modified_gmt":"2024-12-06T14:44:40","slug":"home","status":"publish","type":"page","link":"https:\/\/mo-artiste.fr\/","title":{"rendered":"Home"},"content":{"rendered":"\n<div class=\"wp-block-cover alignfull is-light hestia-clear-top-padding\"><span aria-hidden=\"true\" class=\"wp-block-cover__background has-white-background-color has-background-dim-100 has-background-dim\"><\/span><div class=\"wp-block-cover__inner-container is-layout-flow wp-block-cover-is-layout-flow\">\n<h2 class=\"wp-block-heading has-text-align-center has-text-color\" style=\"color:#3c4858\">Biographie<\/h2>\n\n\n<div class=\"wp-block-image\">\n<figure class=\"aligncenter size-full is-resized\"><img loading=\"lazy\" decoding=\"async\" width=\"1281\" height=\"1600\" src=\"https:\/\/mo-artiste.fr\/mmarion\/wp-content\/uploads\/2024\/10\/WhatsApp-Image-2024-10-28-at-16.52.05.jpeg\" alt=\"\" class=\"wp-image-96\" style=\"width:255px;height:auto\" srcset=\"https:\/\/mo-artiste.fr\/wp-content\/uploads\/2024\/10\/WhatsApp-Image-2024-10-28-at-16.52.05.jpeg 1281w, https:\/\/mo-artiste.fr\/wp-content\/uploads\/2024\/10\/WhatsApp-Image-2024-10-28-at-16.52.05-240x300.jpeg 240w, https:\/\/mo-artiste.fr\/wp-content\/uploads\/2024\/10\/WhatsApp-Image-2024-10-28-at-16.52.05-820x1024.jpeg 820w, https:\/\/mo-artiste.fr\/wp-content\/uploads\/2024\/10\/WhatsApp-Image-2024-10-28-at-16.52.05-768x959.jpeg 768w, https:\/\/mo-artiste.fr\/wp-content\/uploads\/2024\/10\/WhatsApp-Image-2024-10-28-at-16.52.05-1230x1536.jpeg 1230w\" sizes=\"(max-width: 1281px) 100vw, 1281px\" \/><\/figure><\/div>\n\n\n<div style=\"height:40px\" aria-hidden=\"true\" class=\"wp-block-spacer\"><\/div>\n\n\n\n<div class=\"wp-block-columns container is-layout-flex wp-container-core-columns-is-layout-1 wp-block-columns-is-layout-flex\">\n<div class=\"wp-block-column is-layout-flow wp-block-column-is-layout-flow\">\n<h5 class=\"wp-block-heading has-text-align-center has-text-color\" style=\"color:#3c4858;font-size:18px\"><\/h5>\n\n\n\n<p class=\"has-text-align-center has-black-color has-text-color has-medium-font-size\">MO (Michelle Olivier), Artiste Peintre, travaille \u00e0 Belle-\u00cele en Mer.<br>Depuis 1999, elle se consacre \u00e0 sa passion pour la peinture, apr\u00e8s avoir travaill\u00e9 en architecture d&rsquo;int\u00e9rieur.<br>Son travail se rattache \u00e0 l&rsquo;abstraction lyrique et \u00e0 une peinture gestuelle.<br>Sa recherche \u00e0 trouver sa voie entre nature et le sujet, entre les choses et son int\u00e9riorit\u00e9, est constante.<br>La lumi\u00e8re dans le v\u00e9g\u00e9tal, l&rsquo;eau, le sable, les roches sont des \u00e9l\u00e9ments qui l&rsquo;attirent. Il s&rsquo;y rajoute un rythme, une<br>musique, un chant.<br>Mati\u00e8re et densit\u00e9 dans son travail, y d\u00e9voilent son ressenti.<br>Les mat\u00e9riaux, pigments, fusains, concr\u00e9tisent une force, une \u00e9nergie pr\u00e9sentes dans ses toiles.<br>Son \u0153il s&rsquo;arr\u00eate sur une \u00e9motion, non sur un paysage.<br>Influence : Joan Mitchell<br>\u00ab\u00a0Si \u00e7a n&rsquo;est pas ressenti, \u00e7a n&rsquo;existe pas\u00a0\u00bb disait-elle.<\/p>\n\n\n\n<p class=\"has-text-align-center has-text-color\" style=\"color:#999999;font-size:14px\"><\/p>\n\n\n\n<div style=\"height:25px\" aria-hidden=\"true\" class=\"wp-block-spacer\"><\/div>\n<\/div>\n\n\n\n<div class=\"wp-block-column is-layout-flow wp-block-column-is-layout-flow\">\n<h5 class=\"wp-block-heading has-text-align-center has-text-color\" style=\"color:#3c4858;font-size:18px\"><\/h5>\n\n\n\n<p class=\"has-text-align-center has-black-color has-text-color has-medium-font-size\">MO (Michelle Olivier) lives and works in Belle-\u00cele en Mer.<br>In 1999, after many years as an interior designer, she made the decision to fully commit herself to her passion for<br>painting and has since worked full time as an artist.<br>Her work explores the felds of lyrical abstraction and gestural art.<br>Marion looks to nature to find her subject, expressing the inner essence of things.<br>Light captured in plant life, water, sand, rock, are all elements that inspire her work. A musical rhythm pervades<br>her compositions.<br><br>Feeling is expressed through the choice of materials and textures.<br>Powdered pigments, pastels and different media are worked with energy, bringing strength and presence into the<br>canvas.<br>Her eye focuses not on landscape, but emotion.<\/p>\n\n\n\n<p class=\"has-text-align-center has-text-color\" style=\"color:#999999;font-size:14px\"><\/p>\n\n\n\n<div style=\"height:25px\" aria-hidden=\"true\" class=\"wp-block-spacer\"><\/div>\n<\/div>\n<\/div>\n<\/div><\/div>\n\n\n\n<div class=\"wp-block-columns container is-layout-flex wp-container-core-columns-is-layout-2 wp-block-columns-is-layout-flex\">\n<div class=\"wp-block-column col-md-6 col-md-offset1 is-layout-flow wp-block-column-is-layout-flow\">\n<div style=\"height:55px\" aria-hidden=\"true\" class=\"wp-block-spacer\"><\/div>\n\n\n\n<figure class=\"wp-block-image size-large\"><img decoding=\"async\" src=\"https:\/\/tc.local\/mmarion\/wp-content\/themes\/hestia\/assets\/img\/about-content.png\" alt=\"\" class=\"wp-image-81\"\/><\/figure>\n\n\n<div class=\"wp-block-image\">\n<figure class=\"aligncenter size-large is-resized\"><img loading=\"lazy\" decoding=\"async\" width=\"768\" height=\"1024\" src=\"https:\/\/mo-artiste.fr\/wp-content\/uploads\/2024\/11\/mo-belle-ile-1-939x1252-1-768x1024.jpg\" alt=\"\" class=\"wp-image-301\" style=\"width:480px;height:auto\" srcset=\"https:\/\/mo-artiste.fr\/wp-content\/uploads\/2024\/11\/mo-belle-ile-1-939x1252-1-768x1024.jpg 768w, https:\/\/mo-artiste.fr\/wp-content\/uploads\/2024\/11\/mo-belle-ile-1-939x1252-1-225x300.jpg 225w, https:\/\/mo-artiste.fr\/wp-content\/uploads\/2024\/11\/mo-belle-ile-1-939x1252-1.jpg 939w\" sizes=\"(max-width: 768px) 100vw, 768px\" \/><\/figure><\/div><\/div>\n<\/div>\n\n\n\n<div class=\"wp-block-columns is-layout-flex wp-container-core-columns-is-layout-3 wp-block-columns-is-layout-flex\">\n<div class=\"wp-block-column is-layout-flow wp-block-column-is-layout-flow\">\n<p class=\"has-text-align-center has-x-large-font-size\"><strong>Atelier<\/strong> <strong>min\u00e9ral<\/strong><\/p>\n<\/div>\n<\/div>\n\n\n\n<p><\/p>\n","protected":false},"excerpt":{"rendered":"<p>Atelier min\u00e9ral<\/p>\n","protected":false},"author":1,"featured_media":0,"parent":0,"menu_order":0,"comment_status":"closed","ping_status":"closed","template":"","meta":{"footnotes":""},"class_list":["post-12","page","type-page","status-publish","hentry"],"_links":{"self":[{"href":"https:\/\/mo-artiste.fr\/index.php?rest_route=\/wp\/v2\/pages\/12"}],"collection":[{"href":"https:\/\/mo-artiste.fr\/index.php?rest_route=\/wp\/v2\/pages"}],"about":[{"href":"https:\/\/mo-artiste.fr\/index.php?rest_route=\/wp\/v2\/types\/page"}],"author":[{"embeddable":true,"href":"https:\/\/mo-artiste.fr\/index.php?rest_route=\/wp\/v2\/users\/1"}],"replies":[{"embeddable":true,"href":"https:\/\/mo-artiste.fr\/index.php?rest_route=%2Fwp%2Fv2%2Fcomments&post=12"}],"version-history":[{"count":28,"href":"https:\/\/mo-artiste.fr\/index.php?rest_route=\/wp\/v2\/pages\/12\/revisions"}],"predecessor-version":[{"id":447,"href":"https:\/\/mo-artiste.fr\/index.php?rest_route=\/wp\/v2\/pages\/12\/revisions\/447"}],"wp:attachment":[{"href":"https:\/\/mo-artiste.fr\/index.php?rest_route=%2Fwp%2Fv2%2Fmedia&parent=12"}],"curies":[{"name":"wp","href":"https:\/\/api.w.org\/{rel}","templated":true}]}}