{"id":122,"date":"2024-11-02T16:43:09","date_gmt":"2024-11-02T16:43:09","guid":{"rendered":"https:\/\/mo-artiste.fr\/?page_id=122"},"modified":"2024-12-06T15:13:31","modified_gmt":"2024-12-06T15:13:31","slug":"editions","status":"publish","type":"page","link":"https:\/\/mo-artiste.fr\/?page_id=122","title":{"rendered":"Editions"},"content":{"rendered":"\n<p><strong>Livre d&rsquo;artiste sign\u00e9 Michelle Marion, Editions SIGNUM, 2017, 50 exemplaires<\/strong><\/p>\n\n\n<div class=\"wp-block-image\">\n<figure class=\"aligncenter size-large is-resized\"><img loading=\"lazy\" decoding=\"async\" width=\"1024\" height=\"682\" src=\"https:\/\/mo-artiste.fr\/wp-content\/uploads\/2024\/11\/unnamed-2000x1333-1-1024x682.jpg\" alt=\"\" class=\"wp-image-123\" style=\"width:676px;height:auto\" srcset=\"https:\/\/mo-artiste.fr\/wp-content\/uploads\/2024\/11\/unnamed-2000x1333-1-1024x682.jpg 1024w, https:\/\/mo-artiste.fr\/wp-content\/uploads\/2024\/11\/unnamed-2000x1333-1-300x200.jpg 300w, https:\/\/mo-artiste.fr\/wp-content\/uploads\/2024\/11\/unnamed-2000x1333-1-768x512.jpg 768w, https:\/\/mo-artiste.fr\/wp-content\/uploads\/2024\/11\/unnamed-2000x1333-1-1536x1024.jpg 1536w, https:\/\/mo-artiste.fr\/wp-content\/uploads\/2024\/11\/unnamed-2000x1333-1-360x240.jpg 360w, https:\/\/mo-artiste.fr\/wp-content\/uploads\/2024\/11\/unnamed-2000x1333-1.jpg 2000w\" sizes=\"(max-width: 1024px) 100vw, 1024px\" \/><\/figure><\/div>\n\n\n<p><\/p>\n\n\n\n<p class=\"has-text-align-center\">\u00ab\u00a0Deux fois par jour, je me mets \u00e0 nu, pour d\u00e9voiler mes formes arrondies, couleur dor\u00e9e aux<br>nuances laiteuses ensoleill\u00e9es de lumi\u00e8re.<br>Mon grain est fin, soyeux, doux au toucher.<br>On aime s\u2019allonger pr\u00e8s de moi.<br>On aime me parcourir \u00e0 la recherche de subtiles p\u00e9pites, rapport\u00e9es par les eaux.<br>Des ombres dansent au dessus, aux sons de rythmes saccad\u00e9s.<br>Quelques particules algu\u00e9es m\u2019habillent encore un peu.<br>Des mains me touchent, dessinent sur moi.<br>Le clapotis de la vague se d\u00e9tend et m\u2019effleure.<br>Mon manteau de dentelles revient vite me recouvrir et me prot\u00e9ger de cette fr\u00e9n\u00e9sie \u00e0 l\u2019air<br>libre.<br>Je suis L \u2019 ESTRAN.\u00a0\u00bb<\/p>\n","protected":false},"excerpt":{"rendered":"<p>Livre d&rsquo;artiste sign\u00e9 Michelle Marion, Editions SIGNUM, 2017, 50 exemplaires \u00ab\u00a0Deux fois par jour, je me mets \u00e0 nu, pour d\u00e9voiler mes formes arrondies, couleur dor\u00e9e auxnuances laiteuses ensoleill\u00e9es de lumi\u00e8re.Mon grain est fin, soyeux, doux au toucher.On aime s\u2019allonger pr\u00e8s de moi.On aime me parcourir \u00e0 la recherche de [&hellip;]<\/p>\n","protected":false},"author":1,"featured_media":123,"parent":0,"menu_order":0,"comment_status":"closed","ping_status":"closed","template":"","meta":{"footnotes":""},"class_list":["post-122","page","type-page","status-publish","has-post-thumbnail","hentry"],"_links":{"self":[{"href":"https:\/\/mo-artiste.fr\/index.php?rest_route=\/wp\/v2\/pages\/122"}],"collection":[{"href":"https:\/\/mo-artiste.fr\/index.php?rest_route=\/wp\/v2\/pages"}],"about":[{"href":"https:\/\/mo-artiste.fr\/index.php?rest_route=\/wp\/v2\/types\/page"}],"author":[{"embeddable":true,"href":"https:\/\/mo-artiste.fr\/index.php?rest_route=\/wp\/v2\/users\/1"}],"replies":[{"embeddable":true,"href":"https:\/\/mo-artiste.fr\/index.php?rest_route=%2Fwp%2Fv2%2Fcomments&post=122"}],"version-history":[{"count":9,"href":"https:\/\/mo-artiste.fr\/index.php?rest_route=\/wp\/v2\/pages\/122\/revisions"}],"predecessor-version":[{"id":330,"href":"https:\/\/mo-artiste.fr\/index.php?rest_route=\/wp\/v2\/pages\/122\/revisions\/330"}],"wp:featuredmedia":[{"embeddable":true,"href":"https:\/\/mo-artiste.fr\/index.php?rest_route=\/wp\/v2\/media\/123"}],"wp:attachment":[{"href":"https:\/\/mo-artiste.fr\/index.php?rest_route=%2Fwp%2Fv2%2Fmedia&parent=122"}],"curies":[{"name":"wp","href":"https:\/\/api.w.org\/{rel}","templated":true}]}}