{"id":176,"date":"2024-11-02T17:14:44","date_gmt":"2024-11-02T17:14:44","guid":{"rendered":"https:\/\/mo-artiste.fr\/?page_id=176"},"modified":"2024-12-06T15:13:01","modified_gmt":"2024-12-06T15:13:01","slug":"polyphonie-marine-2016","status":"publish","type":"page","link":"https:\/\/mo-artiste.fr\/?page_id=176","title":{"rendered":"Polyphonie Marine &#8211; 2016"},"content":{"rendered":"\n<p class=\"has-text-align-center\"><em>Son travail est habit\u00e9 de contrastes,<br>Entre le brut et la brillance,<br>Entre la platitude et la temp\u00eate,<br>Entre la cassure et le lien,<br>Entre le relief et l&rsquo;\u00e9talement,<br>Entre la musique et la note unique.<br>\u00ab Polyphonie Marine \u00bb entre en r\u00e9sonance avec son \u00e9motion sur l\u2019Estran, la mati\u00e8re<br>et les mots.<\/em><\/p>\n\n\n\n<hr class=\"wp-block-separator has-text-color has-black-color has-alpha-channel-opacity has-black-background-color has-background\" style=\"margin-top:var(--wp--preset--spacing--80);margin-bottom:var(--wp--preset--spacing--80)\"\/>\n\n\n<div class=\"wp-block-image\">\n<figure class=\"aligncenter size-large\"><a href=\"https:\/\/mo-artiste.fr\/wp-content\/uploads\/2024\/11\/20171030-215111-1400x1752-2.jpg\" target=\"_blank\" rel=\"noreferrer noopener\"><img loading=\"lazy\" decoding=\"async\" width=\"818\" height=\"1024\" src=\"https:\/\/mo-artiste.fr\/wp-content\/uploads\/2024\/11\/20171030-215111-1400x1752-2-818x1024.jpg\" alt=\"\" class=\"wp-image-178\" srcset=\"https:\/\/mo-artiste.fr\/wp-content\/uploads\/2024\/11\/20171030-215111-1400x1752-2-818x1024.jpg 818w, https:\/\/mo-artiste.fr\/wp-content\/uploads\/2024\/11\/20171030-215111-1400x1752-2-240x300.jpg 240w, https:\/\/mo-artiste.fr\/wp-content\/uploads\/2024\/11\/20171030-215111-1400x1752-2-768x961.jpg 768w, https:\/\/mo-artiste.fr\/wp-content\/uploads\/2024\/11\/20171030-215111-1400x1752-2-1227x1536.jpg 1227w, https:\/\/mo-artiste.fr\/wp-content\/uploads\/2024\/11\/20171030-215111-1400x1752-2.jpg 1400w\" sizes=\"(max-width: 818px) 100vw, 818px\" \/><\/a><\/figure><\/div>\n\n\n<p class=\"has-medium-font-size\">L&rsquo;Envol, 2017, Mixed media and acrylic on wood, 24&#215;21,5 cm<\/p>\n\n\n\n<p class=\"has-small-font-size\">Non disponible<\/p>\n\n\n\n<hr class=\"wp-block-separator has-text-color has-black-color has-alpha-channel-opacity has-black-background-color has-background\" style=\"margin-top:var(--wp--preset--spacing--80);margin-bottom:var(--wp--preset--spacing--80)\"\/>\n\n\n<div class=\"wp-block-image\">\n<figure class=\"aligncenter size-large\"><a href=\"https:\/\/mo-artiste.fr\/wp-content\/uploads\/2024\/11\/michelle-marion-art-peinture1-1399x684-1.jpg\" target=\"_blank\" rel=\"noreferrer noopener\"><img loading=\"lazy\" decoding=\"async\" width=\"1024\" height=\"501\" src=\"https:\/\/mo-artiste.fr\/wp-content\/uploads\/2024\/11\/michelle-marion-art-peinture1-1399x684-1-1024x501.jpg\" alt=\"\" class=\"wp-image-179\" srcset=\"https:\/\/mo-artiste.fr\/wp-content\/uploads\/2024\/11\/michelle-marion-art-peinture1-1399x684-1-1024x501.jpg 1024w, https:\/\/mo-artiste.fr\/wp-content\/uploads\/2024\/11\/michelle-marion-art-peinture1-1399x684-1-300x147.jpg 300w, https:\/\/mo-artiste.fr\/wp-content\/uploads\/2024\/11\/michelle-marion-art-peinture1-1399x684-1-768x375.jpg 768w, https:\/\/mo-artiste.fr\/wp-content\/uploads\/2024\/11\/michelle-marion-art-peinture1-1399x684-1.jpg 1399w\" sizes=\"(max-width: 1024px) 100vw, 1024px\" \/><\/a><\/figure><\/div>\n\n\n<p class=\"has-medium-font-size\">La vague, 2017, 10,5 x 23 cm<\/p>\n\n\n\n<hr class=\"wp-block-separator has-text-color has-black-color has-alpha-channel-opacity has-black-background-color has-background\" style=\"margin-top:var(--wp--preset--spacing--80);margin-bottom:var(--wp--preset--spacing--80)\"\/>\n\n\n<div class=\"wp-block-image\">\n<figure class=\"aligncenter size-large\"><a href=\"https:\/\/mo-artiste.fr\/wp-content\/uploads\/2024\/11\/michelle-marion-art-peinture2-1399x757-1.jpg\" target=\"_blank\" rel=\"noreferrer noopener\"><img loading=\"lazy\" decoding=\"async\" width=\"1024\" height=\"554\" src=\"https:\/\/mo-artiste.fr\/wp-content\/uploads\/2024\/11\/michelle-marion-art-peinture2-1399x757-1-1024x554.jpg\" alt=\"\" class=\"wp-image-180\" srcset=\"https:\/\/mo-artiste.fr\/wp-content\/uploads\/2024\/11\/michelle-marion-art-peinture2-1399x757-1-1024x554.jpg 1024w, https:\/\/mo-artiste.fr\/wp-content\/uploads\/2024\/11\/michelle-marion-art-peinture2-1399x757-1-300x162.jpg 300w, https:\/\/mo-artiste.fr\/wp-content\/uploads\/2024\/11\/michelle-marion-art-peinture2-1399x757-1-768x416.jpg 768w, https:\/\/mo-artiste.fr\/wp-content\/uploads\/2024\/11\/michelle-marion-art-peinture2-1399x757-1.jpg 1399w\" sizes=\"(max-width: 1024px) 100vw, 1024px\" \/><\/a><\/figure><\/div>\n\n\n<p class=\"has-medium-font-size\">L&rsquo;Estran, 2017, techniques mixtes et sable, 27,5 x 50 cm<\/p>\n\n\n\n<p class=\"has-small-font-size\">Non disponible<\/p>\n\n\n\n<hr class=\"wp-block-separator has-text-color has-black-color has-alpha-channel-opacity has-black-background-color has-background\" style=\"margin-top:var(--wp--preset--spacing--80);margin-bottom:var(--wp--preset--spacing--80)\"\/>\n\n\n\n<figure class=\"wp-block-image size-large\"><img loading=\"lazy\" decoding=\"async\" width=\"1024\" height=\"813\" src=\"https:\/\/mo-artiste.fr\/wp-content\/uploads\/2024\/12\/20220504_140022-1024x813.jpg\" alt=\"\" class=\"wp-image-429\" srcset=\"https:\/\/mo-artiste.fr\/wp-content\/uploads\/2024\/12\/20220504_140022-1024x813.jpg 1024w, https:\/\/mo-artiste.fr\/wp-content\/uploads\/2024\/12\/20220504_140022-300x238.jpg 300w, https:\/\/mo-artiste.fr\/wp-content\/uploads\/2024\/12\/20220504_140022-768x609.jpg 768w, https:\/\/mo-artiste.fr\/wp-content\/uploads\/2024\/12\/20220504_140022-1536x1219.jpg 1536w, https:\/\/mo-artiste.fr\/wp-content\/uploads\/2024\/12\/20220504_140022-2048x1625.jpg 2048w\" sizes=\"(max-width: 1024px) 100vw, 1024px\" \/><\/figure>\n\n\n\n<p>60&#215;50 cm, Sable et acrylique<\/p>\n\n\n\n<hr class=\"wp-block-separator has-text-color has-black-color has-alpha-channel-opacity has-black-background-color has-background\" style=\"margin-top:var(--wp--preset--spacing--80);margin-bottom:var(--wp--preset--spacing--80)\"\/>\n\n\n\n<p><strong>Livre d&rsquo;artiste sign\u00e9 Michelle Marion, Editions SIGNUM, 2017, 50 exemplaires<\/strong><\/p>\n\n\n<div class=\"wp-block-image\">\n<figure class=\"aligncenter size-large is-resized\"><img loading=\"lazy\" decoding=\"async\" width=\"1024\" height=\"682\" src=\"https:\/\/mo-artiste.fr\/wp-content\/uploads\/2024\/11\/unnamed-2000x1333-1-1024x682.jpg\" alt=\"\" class=\"wp-image-123\" style=\"width:676px;height:auto\" srcset=\"https:\/\/mo-artiste.fr\/wp-content\/uploads\/2024\/11\/unnamed-2000x1333-1-1024x682.jpg 1024w, https:\/\/mo-artiste.fr\/wp-content\/uploads\/2024\/11\/unnamed-2000x1333-1-300x200.jpg 300w, https:\/\/mo-artiste.fr\/wp-content\/uploads\/2024\/11\/unnamed-2000x1333-1-768x512.jpg 768w, https:\/\/mo-artiste.fr\/wp-content\/uploads\/2024\/11\/unnamed-2000x1333-1-1536x1024.jpg 1536w, https:\/\/mo-artiste.fr\/wp-content\/uploads\/2024\/11\/unnamed-2000x1333-1-360x240.jpg 360w, https:\/\/mo-artiste.fr\/wp-content\/uploads\/2024\/11\/unnamed-2000x1333-1.jpg 2000w\" sizes=\"(max-width: 1024px) 100vw, 1024px\" \/><\/figure><\/div>\n\n\n<p class=\"has-text-align-center\">\u00ab\u00a0Deux fois par jour, je me mets \u00e0 nu, pour d\u00e9voiler mes formes arrondies, couleur dor\u00e9e aux<br>nuances laiteuses ensoleill\u00e9es de lumi\u00e8re.<br>Mon grain est fin, soyeux, doux au toucher.<br>On aime s\u2019allonger pr\u00e8s de moi.<br>On aime me parcourir \u00e0 la recherche de subtiles p\u00e9pites, rapport\u00e9es par les eaux.<br>Des ombres dansent au dessus, aux sons de rythmes saccad\u00e9s.<br>Quelques particules algu\u00e9es m\u2019habillent encore un peu.<br>Des mains me touchent, dessinent sur moi.<br>Le clapotis de la vague se d\u00e9tend et m\u2019effleure.<br>Mon manteau de dentelles revient vite me recouvrir et me prot\u00e9ger de cette fr\u00e9n\u00e9sie \u00e0 l\u2019air<br>libre.<br>Je suis L \u2019 ESTRAN.\u00a0\u00bb<\/p>\n\n\n\n<hr class=\"wp-block-separator has-text-color has-black-color has-alpha-channel-opacity has-black-background-color has-background\" style=\"margin-top:var(--wp--preset--spacing--80);margin-bottom:var(--wp--preset--spacing--80)\"\/>\n\n\n<div class=\"wp-block-image\">\n<figure class=\"aligncenter size-large\"><a href=\"https:\/\/mo-artiste.fr\/wp-content\/uploads\/2024\/11\/20161202-165110-1400x695-1.jpg\" target=\"_blank\" rel=\"noreferrer noopener\"><img loading=\"lazy\" decoding=\"async\" width=\"1024\" height=\"508\" src=\"https:\/\/mo-artiste.fr\/wp-content\/uploads\/2024\/11\/20161202-165110-1400x695-1-1024x508.jpg\" alt=\"\" class=\"wp-image-181\" srcset=\"https:\/\/mo-artiste.fr\/wp-content\/uploads\/2024\/11\/20161202-165110-1400x695-1-1024x508.jpg 1024w, https:\/\/mo-artiste.fr\/wp-content\/uploads\/2024\/11\/20161202-165110-1400x695-1-300x149.jpg 300w, https:\/\/mo-artiste.fr\/wp-content\/uploads\/2024\/11\/20161202-165110-1400x695-1-768x381.jpg 768w, https:\/\/mo-artiste.fr\/wp-content\/uploads\/2024\/11\/20161202-165110-1400x695-1.jpg 1400w\" sizes=\"(max-width: 1024px) 100vw, 1024px\" \/><\/a><\/figure><\/div>\n\n\n<p class=\"has-medium-font-size\">Polyphonie Marine, dyptique, 2016, techniques mixtes, 80&#215;160 cm<\/p>\n\n\n\n<hr class=\"wp-block-separator has-text-color has-black-color has-alpha-channel-opacity has-black-background-color has-background\" style=\"margin-top:var(--wp--preset--spacing--80);margin-bottom:var(--wp--preset--spacing--80)\"\/>\n\n\n\n<figure class=\"wp-block-image size-large\"><img loading=\"lazy\" decoding=\"async\" width=\"913\" height=\"1024\" src=\"https:\/\/mo-artiste.fr\/wp-content\/uploads\/2024\/12\/20170324_123210v2-913x1024.jpg\" alt=\"\" class=\"wp-image-425\" srcset=\"https:\/\/mo-artiste.fr\/wp-content\/uploads\/2024\/12\/20170324_123210v2-913x1024.jpg 913w, https:\/\/mo-artiste.fr\/wp-content\/uploads\/2024\/12\/20170324_123210v2-268x300.jpg 268w, https:\/\/mo-artiste.fr\/wp-content\/uploads\/2024\/12\/20170324_123210v2-768x861.jpg 768w, https:\/\/mo-artiste.fr\/wp-content\/uploads\/2024\/12\/20170324_123210v2.jpg 1000w\" sizes=\"(max-width: 913px) 100vw, 913px\" \/><\/figure>\n\n\n\n<p>47&#215;50 cm, Sable et acrylique<\/p>\n\n\n\n<hr class=\"wp-block-separator has-text-color has-black-color has-alpha-channel-opacity has-black-background-color has-background\" style=\"margin-top:var(--wp--preset--spacing--80);margin-bottom:var(--wp--preset--spacing--80)\"\/>\n\n\n\n<figure class=\"wp-block-image size-large\"><img loading=\"lazy\" decoding=\"async\" width=\"996\" height=\"1024\" src=\"https:\/\/mo-artiste.fr\/wp-content\/uploads\/2024\/12\/20170322_094811-996x1024.jpg\" alt=\"\" class=\"wp-image-424\" srcset=\"https:\/\/mo-artiste.fr\/wp-content\/uploads\/2024\/12\/20170322_094811-996x1024.jpg 996w, https:\/\/mo-artiste.fr\/wp-content\/uploads\/2024\/12\/20170322_094811-292x300.jpg 292w, https:\/\/mo-artiste.fr\/wp-content\/uploads\/2024\/12\/20170322_094811-768x790.jpg 768w, https:\/\/mo-artiste.fr\/wp-content\/uploads\/2024\/12\/20170322_094811.jpg 1391w\" sizes=\"(max-width: 996px) 100vw, 996px\" \/><\/figure>\n\n\n\n<p>48&#215;50 cm, Sable, fusain et acrylique<\/p>\n\n\n\n<hr class=\"wp-block-separator has-text-color has-black-color has-alpha-channel-opacity has-black-background-color has-background\" style=\"margin-top:var(--wp--preset--spacing--80);margin-bottom:var(--wp--preset--spacing--80)\"\/>\n\n\n<div class=\"wp-block-image\">\n<figure class=\"aligncenter size-large\"><a href=\"https:\/\/mo-artiste.fr\/wp-content\/uploads\/2024\/11\/20161105-141637-853x1287-1.jpg\" target=\"_blank\" rel=\"noreferrer noopener\"><img loading=\"lazy\" decoding=\"async\" width=\"679\" height=\"1024\" src=\"https:\/\/mo-artiste.fr\/wp-content\/uploads\/2024\/11\/20161105-141637-853x1287-1-679x1024.jpg\" alt=\"\" class=\"wp-image-184\" srcset=\"https:\/\/mo-artiste.fr\/wp-content\/uploads\/2024\/11\/20161105-141637-853x1287-1-679x1024.jpg 679w, https:\/\/mo-artiste.fr\/wp-content\/uploads\/2024\/11\/20161105-141637-853x1287-1-199x300.jpg 199w, https:\/\/mo-artiste.fr\/wp-content\/uploads\/2024\/11\/20161105-141637-853x1287-1-768x1159.jpg 768w, https:\/\/mo-artiste.fr\/wp-content\/uploads\/2024\/11\/20161105-141637-853x1287-1.jpg 853w\" sizes=\"(max-width: 679px) 100vw, 679px\" \/><\/a><\/figure><\/div>\n\n\n<p class=\"has-medium-font-size\">Sans titre, 2017, techniques mixtes<\/p>\n\n\n\n<p class=\"has-small-font-size\">Non disponible<\/p>\n\n\n\n<hr class=\"wp-block-separator has-text-color has-black-color has-alpha-channel-opacity has-black-background-color has-background\" style=\"margin-top:var(--wp--preset--spacing--80);margin-bottom:var(--wp--preset--spacing--80)\"\/>\n\n\n<div class=\"wp-block-image\">\n<figure class=\"aligncenter size-large\"><a href=\"https:\/\/mo-artiste.fr\/wp-content\/uploads\/2024\/11\/polyphoniemarine1-1308x1310-1.jpg\" target=\"_blank\" rel=\"noreferrer noopener\"><img loading=\"lazy\" decoding=\"async\" width=\"1022\" height=\"1024\" src=\"https:\/\/mo-artiste.fr\/wp-content\/uploads\/2024\/11\/polyphoniemarine1-1308x1310-1-1022x1024.jpg\" alt=\"\" class=\"wp-image-187\" srcset=\"https:\/\/mo-artiste.fr\/wp-content\/uploads\/2024\/11\/polyphoniemarine1-1308x1310-1-1022x1024.jpg 1022w, https:\/\/mo-artiste.fr\/wp-content\/uploads\/2024\/11\/polyphoniemarine1-1308x1310-1-300x300.jpg 300w, https:\/\/mo-artiste.fr\/wp-content\/uploads\/2024\/11\/polyphoniemarine1-1308x1310-1-150x150.jpg 150w, https:\/\/mo-artiste.fr\/wp-content\/uploads\/2024\/11\/polyphoniemarine1-1308x1310-1-768x769.jpg 768w, https:\/\/mo-artiste.fr\/wp-content\/uploads\/2024\/11\/polyphoniemarine1-1308x1310-1.jpg 1308w\" sizes=\"(max-width: 1022px) 100vw, 1022px\" \/><\/a><\/figure><\/div>\n\n\n<p class=\"has-medium-font-size\">Polyphonie Marine n\u00b01, 2016, techniques mixtes, 20&#215;20 cm<\/p>\n\n\n\n<p class=\"has-small-font-size\">Non disponible<br><\/p>\n\n\n\n<hr class=\"wp-block-separator has-text-color has-black-color has-alpha-channel-opacity has-black-background-color has-background\" style=\"margin-top:var(--wp--preset--spacing--80);margin-bottom:var(--wp--preset--spacing--80)\"\/>\n\n\n<div class=\"wp-block-image\">\n<figure class=\"aligncenter size-large\"><a href=\"https:\/\/mo-artiste.fr\/wp-content\/uploads\/2024\/11\/dsc-3770-1166x1162-1.jpg\" target=\"_blank\" rel=\"noreferrer noopener\"><img loading=\"lazy\" decoding=\"async\" width=\"1024\" height=\"1020\" src=\"https:\/\/mo-artiste.fr\/wp-content\/uploads\/2024\/11\/dsc-3770-1166x1162-1-1024x1020.jpg\" alt=\"\" class=\"wp-image-189\" srcset=\"https:\/\/mo-artiste.fr\/wp-content\/uploads\/2024\/11\/dsc-3770-1166x1162-1-1024x1020.jpg 1024w, https:\/\/mo-artiste.fr\/wp-content\/uploads\/2024\/11\/dsc-3770-1166x1162-1-300x300.jpg 300w, https:\/\/mo-artiste.fr\/wp-content\/uploads\/2024\/11\/dsc-3770-1166x1162-1-150x150.jpg 150w, https:\/\/mo-artiste.fr\/wp-content\/uploads\/2024\/11\/dsc-3770-1166x1162-1-768x765.jpg 768w, https:\/\/mo-artiste.fr\/wp-content\/uploads\/2024\/11\/dsc-3770-1166x1162-1.jpg 1166w\" sizes=\"(max-width: 1024px) 100vw, 1024px\" \/><\/a><\/figure><\/div>\n\n\n<p class=\"has-medium-font-size\">Polyphonie Marine, 2016, techniques mixtes, 30&#215;30 cm<\/p>\n\n\n\n<p class=\"has-small-font-size\">Non disponible<br><\/p>\n\n\n\n<hr class=\"wp-block-separator has-text-color has-black-color has-alpha-channel-opacity has-black-background-color has-background\" style=\"margin-top:var(--wp--preset--spacing--80);margin-bottom:var(--wp--preset--spacing--80)\"\/>\n\n\n<div class=\"wp-block-image\">\n<figure class=\"aligncenter size-large\"><a href=\"https:\/\/mo-artiste.fr\/wp-content\/uploads\/2024\/11\/img-20200720-wa0000-1-1567x1600-1.jpg\" target=\"_blank\" rel=\"noreferrer noopener\"><img loading=\"lazy\" decoding=\"async\" width=\"1003\" height=\"1024\" src=\"https:\/\/mo-artiste.fr\/wp-content\/uploads\/2024\/11\/img-20200720-wa0000-1-1567x1600-1-1003x1024.jpg\" alt=\"\" class=\"wp-image-191\" srcset=\"https:\/\/mo-artiste.fr\/wp-content\/uploads\/2024\/11\/img-20200720-wa0000-1-1567x1600-1-1003x1024.jpg 1003w, https:\/\/mo-artiste.fr\/wp-content\/uploads\/2024\/11\/img-20200720-wa0000-1-1567x1600-1-294x300.jpg 294w, https:\/\/mo-artiste.fr\/wp-content\/uploads\/2024\/11\/img-20200720-wa0000-1-1567x1600-1-768x784.jpg 768w, https:\/\/mo-artiste.fr\/wp-content\/uploads\/2024\/11\/img-20200720-wa0000-1-1567x1600-1-1504x1536.jpg 1504w, https:\/\/mo-artiste.fr\/wp-content\/uploads\/2024\/11\/img-20200720-wa0000-1-1567x1600-1.jpg 1567w\" sizes=\"(max-width: 1003px) 100vw, 1003px\" \/><\/a><\/figure><\/div>\n\n\n<p class=\"has-medium-font-size\">Polyphonie Marine, 2016, techniques mixtes, 30&#215;30 cm<\/p>\n\n\n\n<p class=\"has-small-font-size\">Non disponible<\/p>\n\n\n\n<hr class=\"wp-block-separator has-text-color has-black-color has-alpha-channel-opacity has-black-background-color has-background\" style=\"margin-top:var(--wp--preset--spacing--80);margin-bottom:var(--wp--preset--spacing--80)\"\/>\n\n\n<div class=\"wp-block-image\">\n<figure class=\"aligncenter size-large\"><a href=\"https:\/\/mo-artiste.fr\/wp-content\/uploads\/2024\/11\/michelle-atelier-nov-2018-0061-corr-cad-md-1400x1408-1.jpg\" target=\"_blank\" rel=\"noreferrer noopener\"><img loading=\"lazy\" decoding=\"async\" width=\"1018\" height=\"1024\" src=\"https:\/\/mo-artiste.fr\/wp-content\/uploads\/2024\/11\/michelle-atelier-nov-2018-0061-corr-cad-md-1400x1408-1-1018x1024.jpg\" alt=\"\" class=\"wp-image-193\" srcset=\"https:\/\/mo-artiste.fr\/wp-content\/uploads\/2024\/11\/michelle-atelier-nov-2018-0061-corr-cad-md-1400x1408-1-1018x1024.jpg 1018w, https:\/\/mo-artiste.fr\/wp-content\/uploads\/2024\/11\/michelle-atelier-nov-2018-0061-corr-cad-md-1400x1408-1-298x300.jpg 298w, https:\/\/mo-artiste.fr\/wp-content\/uploads\/2024\/11\/michelle-atelier-nov-2018-0061-corr-cad-md-1400x1408-1-150x150.jpg 150w, https:\/\/mo-artiste.fr\/wp-content\/uploads\/2024\/11\/michelle-atelier-nov-2018-0061-corr-cad-md-1400x1408-1-768x772.jpg 768w, https:\/\/mo-artiste.fr\/wp-content\/uploads\/2024\/11\/michelle-atelier-nov-2018-0061-corr-cad-md-1400x1408-1.jpg 1400w\" sizes=\"(max-width: 1018px) 100vw, 1018px\" \/><\/a><\/figure><\/div>\n\n\n<p class=\"has-medium-font-size\">Entre Terre et Mer, 110&#215;110 cm, 2015<\/p>\n","protected":false},"excerpt":{"rendered":"<p>Son travail est habit\u00e9 de contrastes,Entre le brut et la brillance,Entre la platitude et la temp\u00eate,Entre la cassure et le lien,Entre le relief et l&rsquo;\u00e9talement,Entre la musique et la note unique.\u00ab Polyphonie Marine \u00bb entre en r\u00e9sonance avec son \u00e9motion sur l\u2019Estran, la mati\u00e8reet les mots. L&rsquo;Envol, 2017, Mixed media [&hellip;]<\/p>\n","protected":false},"author":1,"featured_media":0,"parent":0,"menu_order":0,"comment_status":"closed","ping_status":"closed","template":"","meta":{"footnotes":""},"class_list":["post-176","page","type-page","status-publish","hentry"],"_links":{"self":[{"href":"https:\/\/mo-artiste.fr\/index.php?rest_route=\/wp\/v2\/pages\/176"}],"collection":[{"href":"https:\/\/mo-artiste.fr\/index.php?rest_route=\/wp\/v2\/pages"}],"about":[{"href":"https:\/\/mo-artiste.fr\/index.php?rest_route=\/wp\/v2\/types\/page"}],"author":[{"embeddable":true,"href":"https:\/\/mo-artiste.fr\/index.php?rest_route=\/wp\/v2\/users\/1"}],"replies":[{"embeddable":true,"href":"https:\/\/mo-artiste.fr\/index.php?rest_route=%2Fwp%2Fv2%2Fcomments&post=176"}],"version-history":[{"count":32,"href":"https:\/\/mo-artiste.fr\/index.php?rest_route=\/wp\/v2\/pages\/176\/revisions"}],"predecessor-version":[{"id":452,"href":"https:\/\/mo-artiste.fr\/index.php?rest_route=\/wp\/v2\/pages\/176\/revisions\/452"}],"wp:attachment":[{"href":"https:\/\/mo-artiste.fr\/index.php?rest_route=%2Fwp%2Fv2%2Fmedia&parent=176"}],"curies":[{"name":"wp","href":"https:\/\/api.w.org\/{rel}","templated":true}]}}