{"id":53,"date":"2024-10-27T17:57:38","date_gmt":"2024-10-27T17:57:38","guid":{"rendered":"https:\/\/mo-artiste.fr\/mmarion\/?page_id=53"},"modified":"2024-11-07T10:51:33","modified_gmt":"2024-11-07T10:51:33","slug":"evenements-events","status":"publish","type":"page","link":"https:\/\/mo-artiste.fr\/?page_id=53","title":{"rendered":"Ev\u00e9nements\/Events"},"content":{"rendered":"\n<div class=\"wp-block-columns is-layout-flex wp-container-core-columns-is-layout-1 wp-block-columns-is-layout-flex\">\n<div class=\"wp-block-column is-layout-flow wp-block-column-is-layout-flow\"><\/div>\n<\/div>\n\n\n\n<p class=\"has-black-color has-text-color has-link-color wp-elements-84dd81647e59f40236c86d4cee20025b\" style=\"font-size:16px\">2024 \u25a0 Du xx mars au xx mars 2024, \u00ab\u00a0Le Printemps des Arts\u00a0\u00bb, th\u00e8me \u00ab\u00a0L&rsquo;EAU\u00a0\u00bb, exposition collective \u00e0 Belle-\u00cele-en-mer, 56360<br>2023 \u25a0 Du 19 au 25 mars 2023, \u00ab\u00a0Le Printemps des Arts\u00a0\u00bb, th\u00e8me \u00ab\u00a0VERT\u00a0\u00bb, exposition collective \u00e0 Belle-\u00cele-en-mer, 56360<br>2022 \u25a0 Du 20 au 30 juillet 2022, Exposition \u00ab\u00a0Jardin d&rsquo;eau\u00a0\u00bb, \u00e0 Locmaria (Belle-\u00cele-en-Mer), 56360<br>2019 \u25a0 Du 5 au 12 novembre, Exposition \u00ab\u00a0Jardins d&rsquo;eau\u00a0\u00bb, Galerie du G\u00e9nie de la Bastille, Paris 11<br>2018 \u25a0 Du 4 au 16 d\u00e9cembre, Les Minis du G\u00e9nie 2018, Galerie du G\u00e9nie de la Bastille, Paris 11<br>2017 \u25a0 Du 20 au 30 d\u00e9cembre, Les Minis 2017, Galerie du G\u00e9nie de la Bastille, Paris 11<br>2017 \u25a0 Exposition \u00ab\u00a0Hybrides\u00a0\u00bb avec les artistes \u00e0 la Bastille, Espace Commines, Paris 3<br>2017 \u25a0 SALON PAGES, 24, 25 et 26 novembre 2017 au Palais de la Femme, Paris 11.<br>Pr\u00e9sentation de mon livre d&rsquo;artiste : l&rsquo;Estran<br>2017 \u25a0 15, 16 et 17 septembre, Le G\u00e9nie en Libert\u00e9, atelier de Danielle Loisel, Paris 11<br>2017 \u25a0 35\u00e8me March\u00e9 de la Po\u00e9sie, Place Saint Sulpice, Paris 6e, stand 615<br>2017 (les 24, 25 et 26 mars) \u25a0 \u00ab Les Portes Ouvertes des Ateliers d&rsquo;Artistes du 6\u00e8me \u00bb<br>2016 (d\u00e9cembre) \u25a0 Exposition Les MINIS du G\u00e9nie 2016, \u00e0 la Galerie du G\u00e9nie de la Bastille, Paris 11<br>2016 (d\u00e9cembre) \u25a0 Exposition \u00ab\u00a0Polyphonie Marine\u00a0\u00bb \u00e0 la Galerie du G\u00e9nie de la Bastille, Paris 11<br>2015 (d\u00e9cembre) \u25a0 Exposition collective \u00ab Les Minis du G\u00e9nie \u00bb \u00e0 la Galerie du G\u00e9nie de la Bastille<br>2015 (avril) \u25a0 Exposition personnelle \u00ab Exposition d\u2019un soir \u00bb<br>2015 (mars) \u25a0 Exposition collective \u00e0 Pantin \u00ab Nature-Elle \u00bb<br>2014 (mars) \u25a0 Exposition personnelle \u00e0 Paris 6\u00e8me \u00ab Le Temps qui passe \u00bb<br>2013 (mars) \u25a0 Int\u00e9gration \u00e0 l\u2019association \u00ab le G\u00e9nie de la Bastille \u00bb<br>2012 (nov) \u25a0 Exposition \u00e0 Pantin \u00ab Elements-Terre \u00bb<br>2007 \u25a0 Travail pictural \u00e0 Belle-\u00eele en mer et Paris<br>1999-2006 \u25a0 Peinture et photographie<br>1988 \u25a0 Rencontre avec le sculpteur Antoine Poncet.<\/p>\n\n\n\n<p class=\"has-text-align-center\">&#8211; &#8211; &#8211; &#8211; &#8211; &#8211; &#8211; &#8211; &#8211; &#8211; <\/p>\n\n\n\n<p class=\"has-black-color has-text-color has-link-color wp-elements-e7879ebb61a2ec34aeb0c07002b8c713\" style=\"font-size:16px\">2024 (March) \u25a0 \u00ab\u00a0Le Printemps des Arts\u00a0\u00bb, theme \u00ab\u00a0L&rsquo;EAU\u00a0\u00bb, group exhibition Belle-\u00cele-en-mer, 56360<br>2023 (March) \u25a0 \u00ab\u00a0Le Printemps des Arts\u00a0\u00bb, theme \u00ab\u00a0VERT\u00a0\u00bb, group exhibition Belle-\u00cele-en-mer, 56360<br>2022 (July) \u25a0 Solo exhibition \u00ab\u00a0Jardin d&rsquo;eau\u00a0\u00bb, Locmaria (Belle-\u00cele-en-Mer), 56360<br>2019 (November) \u25a0 Solo exhibition \u00ab Jardins d&rsquo;eau \u00bb Galerie du G\u00e9nie de la Bastille<br>2018 (December) \u25a0 Group exhibition \u00ab Les Minis du G\u00e9nie \u00bb Galerie du G\u00e9nie de la Bastille<br>2017 (December) \u25a0 Group exhibition \u00ab Les Minis du G\u00e9nie \u00bb Galerie du G\u00e9nie de la Bastille<br>2016 (December) \u25a0 Group exhibition \u00ab Les Minis du G\u00e9nie \u00bb Galerie du G\u00e9nie de la Bastille<br>2016 (November) \u25a0 Solo exhibition \u00ab Polyphonie Marine \u00bb Galerie du G\u00e9nie de la Bastille<br>2015 (December) \u25a0 Group exhibition \u00ab Les Minis du G\u00e9nie \u00bb Galerie du G\u00e9nie de la Bastille<br>2015 (April) \u25a0 Solo exhibition \u00ab Exposition d\u2019un soir \u00bb<br>2015 (March) \u25a0 Group exhibition, Pantin<br>2014 (March) \u25a0 Solo exhibition \u00ab Nature-Elle \u00bb, Paris<br>2013 (March) \u25a0 Joins the association \u00ab le G\u00e9nie de la Bastille \u00bb<br>2012 (November) \u25a0 Exhibition \u00ab Elements-Terre \u00bb Pantin<br>2007 \u25a0 Paintings Belle-\u00eele en mer and Paris<br>1999-2006 \u25a0 Painting and photography<\/p>\n","protected":false},"excerpt":{"rendered":"<p>2024 \u25a0 Du xx mars au xx mars 2024, \u00ab\u00a0Le Printemps des Arts\u00a0\u00bb, th\u00e8me \u00ab\u00a0L&rsquo;EAU\u00a0\u00bb, exposition collective \u00e0 Belle-\u00cele-en-mer, 563602023 \u25a0 Du 19 au 25 mars 2023, \u00ab\u00a0Le Printemps des Arts\u00a0\u00bb, th\u00e8me \u00ab\u00a0VERT\u00a0\u00bb, exposition collective \u00e0 Belle-\u00cele-en-mer, 563602022 \u25a0 Du 20 au 30 juillet 2022, Exposition \u00ab\u00a0Jardin d&rsquo;eau\u00a0\u00bb, \u00e0 Locmaria [&hellip;]<\/p>\n","protected":false},"author":1,"featured_media":0,"parent":0,"menu_order":0,"comment_status":"closed","ping_status":"closed","template":"","meta":{"footnotes":""},"class_list":["post-53","page","type-page","status-publish","hentry"],"_links":{"self":[{"href":"https:\/\/mo-artiste.fr\/index.php?rest_route=\/wp\/v2\/pages\/53"}],"collection":[{"href":"https:\/\/mo-artiste.fr\/index.php?rest_route=\/wp\/v2\/pages"}],"about":[{"href":"https:\/\/mo-artiste.fr\/index.php?rest_route=\/wp\/v2\/types\/page"}],"author":[{"embeddable":true,"href":"https:\/\/mo-artiste.fr\/index.php?rest_route=\/wp\/v2\/users\/1"}],"replies":[{"embeddable":true,"href":"https:\/\/mo-artiste.fr\/index.php?rest_route=%2Fwp%2Fv2%2Fcomments&post=53"}],"version-history":[{"count":15,"href":"https:\/\/mo-artiste.fr\/index.php?rest_route=\/wp\/v2\/pages\/53\/revisions"}],"predecessor-version":[{"id":299,"href":"https:\/\/mo-artiste.fr\/index.php?rest_route=\/wp\/v2\/pages\/53\/revisions\/299"}],"wp:attachment":[{"href":"https:\/\/mo-artiste.fr\/index.php?rest_route=%2Fwp%2Fv2%2Fmedia&parent=53"}],"curies":[{"name":"wp","href":"https:\/\/api.w.org\/{rel}","templated":true}]}}